{"id":70,"date":"2024-03-19T18:01:27","date_gmt":"2024-03-19T18:01:27","guid":{"rendered":"https:\/\/cabo.demosharetube.it\/?page_id=70"},"modified":"2024-06-04T16:38:53","modified_gmt":"2024-06-04T16:38:53","slug":"azienda","status":"publish","type":"page","link":"https:\/\/cabo.demosharetube.it\/de\/azienda\/","title":{"rendered":"Agentur"},"content":{"rendered":"<div data-elementor-type=\"wp-page\" data-elementor-id=\"70\" class=\"elementor elementor-70\" data-elementor-post-type=\"page\">\n\t\t\t\t<div class=\"elementor-element elementor-element-9340a38 e-flex e-con-boxed e-con e-parent\" data-id=\"9340a38\" data-element_type=\"container\" data-settings=\"{&quot;background_background&quot;:&quot;classic&quot;}\" data-core-v316-plus=\"true\">\n\t\t\t\t\t<div class=\"e-con-inner\">\n\t\t\t\t<div class=\"elementor-element elementor-element-ed6f625 elementor-widget elementor-widget-heading\" data-id=\"ed6f625\" data-element_type=\"widget\" data-widget_type=\"heading.default\">\n\t\t\t\t<div class=\"elementor-widget-container\">\n\t\t\t<style>\/*! elementor - v3.20.0 - 20-03-2024 *\/\n.elementor-heading-title{padding:0;margin:0;line-height:1}.elementor-widget-heading .elementor-heading-title[class*=elementor-size-]>a{color:inherit;font-size:inherit;line-height:inherit}.elementor-widget-heading .elementor-heading-title.elementor-size-small{font-size:15px}.elementor-widget-heading .elementor-heading-title.elementor-size-medium{font-size:19px}.elementor-widget-heading .elementor-heading-title.elementor-size-large{font-size:29px}.elementor-widget-heading .elementor-heading-title.elementor-size-xl{font-size:39px}.elementor-widget-heading .elementor-heading-title.elementor-size-xxl{font-size:59px}<\/style><h2 class=\"elementor-heading-title elementor-size-default\">Unsere Geschichte<\/h2>\t\t<\/div>\n\t\t\t\t<\/div>\n\t\t\t\t<div class=\"elementor-element elementor-element-0448739 elementor-widget__width-initial elementor-widget elementor-widget-text-editor\" data-id=\"0448739\" data-element_type=\"widget\" data-widget_type=\"text-editor.default\">\n\t\t\t\t<div class=\"elementor-widget-container\">\n\t\t\t<style>\/*! elementor - v3.20.0 - 20-03-2024 *\/\n.elementor-widget-text-editor.elementor-drop-cap-view-stacked .elementor-drop-cap{background-color:#69727d;color:#fff}.elementor-widget-text-editor.elementor-drop-cap-view-framed .elementor-drop-cap{color:#69727d;border:3px solid;background-color:transparent}.elementor-widget-text-editor:not(.elementor-drop-cap-view-default) .elementor-drop-cap{margin-top:8px}.elementor-widget-text-editor:not(.elementor-drop-cap-view-default) .elementor-drop-cap-letter{width:1em;height:1em}.elementor-widget-text-editor .elementor-drop-cap{float:left;text-align:center;line-height:1;font-size:50px}.elementor-widget-text-editor .elementor-drop-cap-letter{display:inline-block}<\/style>\t\t\t\t<p>Spezialisiert auf den Bereich Formenbau sind wir in der Lage, innovative und ma\u00dfgeschneiderte L\u00f6sungen f\u00fcr die Bed\u00fcrfnisse unserer Kunden anzubieten.<\/p>\t\t\t\t\t\t<\/div>\n\t\t\t\t<\/div>\n\t\t\t\t\t<\/div>\n\t\t\t\t<\/div>\n\t\t<div class=\"elementor-element elementor-element-b7728bc e-flex e-con-boxed e-con e-parent\" data-id=\"b7728bc\" data-element_type=\"container\" data-core-v316-plus=\"true\">\n\t\t\t\t\t<div class=\"e-con-inner\">\n\t\t<div class=\"elementor-element elementor-element-6567f57 e-flex e-con-boxed e-con e-child\" data-id=\"6567f57\" data-element_type=\"container\">\n\t\t\t\t\t<div class=\"e-con-inner\">\n\t\t\t\t<div class=\"elementor-element elementor-element-eaa7d13 elementor-widget elementor-widget-text-editor\" data-id=\"eaa7d13\" data-element_type=\"widget\" data-widget_type=\"text-editor.default\">\n\t\t\t\t<div class=\"elementor-widget-container\">\n\t\t\t\t\t\t\t<p><strong>CABO<\/strong> wird gegr\u00fcndet von <strong>Olindo<\/strong> der dank der in gro\u00dfen Metallverarbeitungsbetrieben der Region gesammelten Erfahrungen seinen unternehmerischen Traum verwirklichen und ein eigenes Unternehmen gr\u00fcnden m\u00f6chte <strong>neue Realit\u00e4t<\/strong> nur von den eigenen Ideen ausgehen und von <strong>hingabe<\/strong> f\u00fcr diese Arbeit.<\/p><p>Im <strong>1985<\/strong> CABO, ein kleines Unternehmen, wird offiziell gegr\u00fcndet <strong>handwerker<\/strong> welches sich mit der Entstehung von befasst <strong>Formen<\/strong> f\u00fcr die Bearbeitung von <strong>Blechen<\/strong>. Das Unternehmen, das zun\u00e4chst sowohl hinsichtlich der Belegschaft als auch der eingesetzten Maschinen \u00fcber bescheidene Ausma\u00dfe verf\u00fcgte, wuchs in den folgenden Jahrzehnten immer weiter <strong>erneuern<\/strong> energie und Vision daraus sch\u00f6pfen <strong>welt<\/strong> von st\u00e4ndiger Arbeit <strong>evolution<\/strong>, eine gr\u00f6\u00dfere Realit\u00e4t werden und <strong>gegr\u00fcndet<\/strong>.<\/p>\t\t\t\t\t\t<\/div>\n\t\t\t\t<\/div>\n\t\t\t\t\t<\/div>\n\t\t\t\t<\/div>\n\t\t<div class=\"elementor-element elementor-element-592e508 e-flex e-con-boxed e-con e-child\" data-id=\"592e508\" data-element_type=\"container\">\n\t\t\t\t\t<div class=\"e-con-inner\">\n\t\t\t\t<div class=\"elementor-element elementor-element-11f5151 elementor-widget elementor-widget-image\" data-id=\"11f5151\" data-element_type=\"widget\" data-widget_type=\"image.default\">\n\t\t\t\t<div class=\"elementor-widget-container\">\n\t\t\t<style>\/*! elementor - v3.20.0 - 20-03-2024 *\/\n.elementor-widget-image{text-align:center}.elementor-widget-image a{display:inline-block}.elementor-widget-image a img[src$=\".svg\"]{width:48px}.elementor-widget-image img{vertical-align:middle;display:inline-block}<\/style>\t\t\t\t\t\t\t\t\t\t<img fetchpriority=\"high\" decoding=\"async\" width=\"471\" height=\"448\" src=\"https:\/\/cabo.demosharetube.it\/wp-content\/uploads\/2024\/05\/Screenshot-2024-05-16-7.42.04-AM.png\" class=\"attachment-full size-full wp-image-1022\" alt=\"\" srcset=\"https:\/\/cabo.demosharetube.it\/wp-content\/uploads\/2024\/05\/Screenshot-2024-05-16-7.42.04-AM.png 471w, https:\/\/cabo.demosharetube.it\/wp-content\/uploads\/2024\/05\/Screenshot-2024-05-16-7.42.04-AM-300x285.png 300w, https:\/\/cabo.demosharetube.it\/wp-content\/uploads\/2024\/05\/Screenshot-2024-05-16-7.42.04-AM-13x12.png 13w\" sizes=\"(max-width: 471px) 100vw, 471px\" \/>\t\t\t\t\t\t\t\t\t\t\t\t\t<\/div>\n\t\t\t\t<\/div>\n\t\t\t\t\t<\/div>\n\t\t\t\t<\/div>\n\t\t\t\t\t<\/div>\n\t\t\t\t<\/div>\n\t\t<div class=\"elementor-element elementor-element-6a959f1 e-flex e-con-boxed e-con e-parent\" data-id=\"6a959f1\" data-element_type=\"container\" id=\"nuovagenerezione\" data-settings=\"{&quot;background_background&quot;:&quot;classic&quot;}\" data-core-v316-plus=\"true\">\n\t\t\t\t\t<div class=\"e-con-inner\">\n\t\t<div class=\"elementor-element elementor-element-cc1e57e e-flex e-con-boxed e-con e-child\" data-id=\"cc1e57e\" data-element_type=\"container\">\n\t\t\t\t\t<div class=\"e-con-inner\">\n\t\t\t\t<div class=\"elementor-element elementor-element-956a478 elementor-widget elementor-widget-image\" data-id=\"956a478\" data-element_type=\"widget\" data-widget_type=\"image.default\">\n\t\t\t\t<div class=\"elementor-widget-container\">\n\t\t\t\t\t\t\t\t\t\t\t\t\t<img decoding=\"async\" width=\"1600\" height=\"1067\" src=\"https:\/\/cabo.demosharetube.it\/wp-content\/uploads\/2024\/05\/2.3-scaled.jpg\" class=\"attachment-full size-full wp-image-1010\" alt=\"\" srcset=\"https:\/\/cabo.demosharetube.it\/wp-content\/uploads\/2024\/05\/2.3-scaled.jpg 1600w, https:\/\/cabo.demosharetube.it\/wp-content\/uploads\/2024\/05\/2.3-300x200.jpg 300w, https:\/\/cabo.demosharetube.it\/wp-content\/uploads\/2024\/05\/2.3-1024x683.jpg 1024w, https:\/\/cabo.demosharetube.it\/wp-content\/uploads\/2024\/05\/2.3-768x512.jpg 768w, https:\/\/cabo.demosharetube.it\/wp-content\/uploads\/2024\/05\/2.3-1536x1024.jpg 1536w, https:\/\/cabo.demosharetube.it\/wp-content\/uploads\/2024\/05\/2.3-2048x1366.jpg 2048w, https:\/\/cabo.demosharetube.it\/wp-content\/uploads\/2024\/05\/2.3-18x12.jpg 18w\" sizes=\"(max-width: 1600px) 100vw, 1600px\" \/>\t\t\t\t\t\t\t\t\t\t\t\t\t<\/div>\n\t\t\t\t<\/div>\n\t\t\t\t\t<\/div>\n\t\t\t\t<\/div>\n\t\t<div class=\"elementor-element elementor-element-81ab26c e-flex e-con-boxed e-con e-child\" data-id=\"81ab26c\" data-element_type=\"container\">\n\t\t\t\t\t<div class=\"e-con-inner\">\n\t\t\t\t<div class=\"elementor-element elementor-element-6e35dce elementor-widget elementor-widget-text-editor\" data-id=\"6e35dce\" data-element_type=\"widget\" data-widget_type=\"text-editor.default\">\n\t\t\t\t<div class=\"elementor-widget-container\">\n\t\t\t\t\t\t\t<p>Dort <strong>neue Generation<\/strong> von der Familie <strong>Bragagnolo<\/strong>, der nach und nach die leitende und produktive Leitung des Unternehmens \u00fcbernommen hat, glaubt und investiert heute mehr denn je in Olindos urspr\u00fcnglichen Traum und vergisst ihn nicht <strong>urspr\u00fcnge<\/strong> und macht es sich zu eigen <strong>gewalt<\/strong>, oder maximal <strong>Ich verpflichte mich<\/strong> gegen\u00fcber dem Kunden und <strong>behandlung<\/strong> handwerkskunst von <strong>produkt<\/strong> letztendlich ist es auch den st\u00e4ndigen Investitionen sowohl in die Konstruktion als auch in die Werkzeugmaschinenabteilung zu verdanken.<\/p>\t\t\t\t\t\t<\/div>\n\t\t\t\t<\/div>\n\t\t\t\t\t<\/div>\n\t\t\t\t<\/div>\n\t\t\t\t\t<\/div>\n\t\t\t\t<\/div>\n\t\t<div class=\"elementor-element elementor-element-ef6d0a4 e-con-full e-flex e-con e-parent\" data-id=\"ef6d0a4\" data-element_type=\"container\" data-settings=\"{&quot;background_background&quot;:&quot;classic&quot;}\" data-core-v316-plus=\"true\">\n\t\t<div class=\"elementor-element elementor-element-f09e1f1 e-con-full e-flex e-con e-child\" data-id=\"f09e1f1\" data-element_type=\"container\">\n\t\t\t\t<div class=\"elementor-element elementor-element-fd1330c elementor-widget elementor-widget-heading\" data-id=\"fd1330c\" data-element_type=\"widget\" data-widget_type=\"heading.default\">\n\t\t\t\t<div class=\"elementor-widget-container\">\n\t\t\t<h2 class=\"elementor-heading-title elementor-size-default\">vierzig Jahre nach der Grundsteinlegung hat sich CABO zum Ziel gesetzt, ein Synonym f\u00fcr Qualit\u00e4t und Zuverl\u00e4ssigkeit im Formenbau zu sein.\n\n\n\n\n\n<\/h2>\t\t<\/div>\n\t\t\t\t<\/div>\n\t\t\t\t<div class=\"elementor-element elementor-element-26ebad6 elementor-align-center elementor-widget elementor-widget-button\" data-id=\"26ebad6\" data-element_type=\"widget\" data-widget_type=\"button.default\">\n\t\t\t\t<div class=\"elementor-widget-container\">\n\t\t\t\t\t<div class=\"elementor-button-wrapper\">\n\t\t\t<a class=\"elementor-button elementor-button-link elementor-size-sm\" href=\"https:\/\/cabo.demosharetube.it\/de\/contatti\/\">\n\t\t\t\t\t\t<span class=\"elementor-button-content-wrapper\">\n\t\t\t\t\t\t<span class=\"elementor-button-text\">KONTAKTIERE UNS<\/span>\n\t\t<\/span>\n\t\t\t\t\t<\/a>\n\t\t<\/div>\n\t\t\t\t<\/div>\n\t\t\t\t<\/div>\n\t\t\t\t<\/div>\n\t\t\t\t<\/div>\n\t\t\t\t<\/div>","protected":false},"excerpt":{"rendered":"<p>La nostra storia Specializzati nel settore della produzione di stampi riusciamo ad offrire soluzioni innovative e su misura per le esigenze dei nostri clienti. CABO viene fondata da Olindo che, forte dell\u2019esperienza maturata in grandi aziende metalmeccaniche della zona, desidera realizzare il suo sogno imprenditoriale e creare una nuova realt\u00e0 partendo solo dalle proprie idee [&hellip;]<\/p>","protected":false},"author":1,"featured_media":0,"parent":0,"menu_order":0,"comment_status":"closed","ping_status":"closed","template":"elementor_header_footer","meta":{"footnotes":""},"class_list":["post-70","page","type-page","status-publish","hentry"],"_links":{"self":[{"href":"https:\/\/cabo.demosharetube.it\/de\/wp-json\/wp\/v2\/pages\/70","targetHints":{"allow":["GET"]}}],"collection":[{"href":"https:\/\/cabo.demosharetube.it\/de\/wp-json\/wp\/v2\/pages"}],"about":[{"href":"https:\/\/cabo.demosharetube.it\/de\/wp-json\/wp\/v2\/types\/page"}],"author":[{"embeddable":true,"href":"https:\/\/cabo.demosharetube.it\/de\/wp-json\/wp\/v2\/users\/1"}],"replies":[{"embeddable":true,"href":"https:\/\/cabo.demosharetube.it\/de\/wp-json\/wp\/v2\/comments?post=70"}],"version-history":[{"count":135,"href":"https:\/\/cabo.demosharetube.it\/de\/wp-json\/wp\/v2\/pages\/70\/revisions"}],"predecessor-version":[{"id":1155,"href":"https:\/\/cabo.demosharetube.it\/de\/wp-json\/wp\/v2\/pages\/70\/revisions\/1155"}],"wp:attachment":[{"href":"https:\/\/cabo.demosharetube.it\/de\/wp-json\/wp\/v2\/media?parent=70"}],"curies":[{"name":"wp","href":"https:\/\/api.w.org\/{rel}","templated":true}]}}